{"id":8095,"date":"2018-07-24T04:12:20","date_gmt":"2018-07-24T01:12:20","guid":{"rendered":"http:\/\/draylinbicandemir.com\/?page_id=8095"},"modified":"2020-11-16T23:44:29","modified_gmt":"2020-11-16T20:44:29","slug":"video-eeg-monitorizasyon-vem","status":"publish","type":"page","link":"https:\/\/draylinbicandemir.com\/en\/video-eeg-monitorizasyon-vem\/","title":{"rendered":"Video-EEG monitoring (VEM)"},"content":{"rendered":"<p>[vc_row][vc_column width=&#8221;7\/12&#8243; offset=&#8221;vc_col-lg-8 vc_col-md-8 vc_col-xs-12&#8243;][\/vc_column][vc_column width=&#8221;5\/12&#8243; offset=&#8221;vc_col-lg-4 vc_col-md-4 vc_col-xs-12&#8243;][vc_row_inner css=&#8221;.vc_custom_1531734883992{margin-top: 0px !important;margin-bottom: 0px !important;padding-top: 0px !important;padding-right: 0px !important;padding-bottom: 0px !important;padding-left: 0px !important;}&#8221; el_class=&#8221;box-shadow&#8221;][vc_column_inner css=&#8221;.vc_custom_1531733996221{margin-top: 0px !important;margin-bottom: 0px !important;padding-top: 0px !important;padding-right: 0px !important;padding-bottom: 0px !important;padding-left: 0px !important;}&#8221;][vc_custom_heading text=&#8221;Neurological Diseases&#8221; font_container=&#8221;tag:h3|font_size:18px|text_align:left|color:%232b2b2b|line_height:24px&#8221; use_theme_fonts=&#8221;yes&#8221; css=&#8221;.vc_custom_1605036226565{margin-top: 0px !important;margin-bottom: 0px !important;padding-top: 18px !important;padding-right: 17px !important;padding-bottom: 18px !important;padding-left: 28px !important;}&#8221; el_class=&#8221;font-weight-bold&#8221;]<!-- radiantthemes-custom-menu --><div class=\"radiantthemes-custom-menu element-one rt3762519291 vertical-menu\"    ><ul id=\"menu-norolojik-hastaliklar\" class=\"menu rt-mega-menu-transition-default\"><li id=\"menu-item-8109\" class=\"menu-item menu-item-type-post_type menu-item-object-page menu-flyout rt-mega-menu-hover item-8109\"><a  href=\"https:\/\/draylinbicandemir.com\/en\/sleep-and-diseases\/\">Sleep and Diseases<\/a><\/li>\n<li id=\"menu-item-8108\" class=\"menu-item menu-item-type-post_type menu-item-object-page menu-flyout rt-mega-menu-hover item-8108\"><a  href=\"https:\/\/draylinbicandemir.com\/en\/epilepsy\/\">Epilepsy<\/a><\/li>\n<li id=\"menu-item-8106\" class=\"menu-item menu-item-type-post_type menu-item-object-page menu-flyout rt-mega-menu-hover item-8106\"><a  href=\"https:\/\/draylinbicandemir.com\/en\/electroencephalography-eeg\/\">Electroencephalography (EEG)<\/a><\/li>\n<li id=\"menu-item-8107\" class=\"menu-item menu-item-type-post_type menu-item-object-page menu-flyout rt-mega-menu-hover item-8107\"><a  href=\"https:\/\/draylinbicandemir.com\/en\/polisomnografi-psg\/\">Polysomnography (PSG)<\/a><\/li>\n<li id=\"menu-item-8101\" class=\"menu-item menu-item-type-post_type menu-item-object-page menu-flyout rt-mega-menu-hover item-8101\"><a  href=\"https:\/\/draylinbicandemir.com\/en\/video-eeg-monitorizasyon-vem\/\">Video-EEG monitoring (VEM)<\/a><\/li>\n<li id=\"menu-item-8102\" class=\"menu-item menu-item-type-post_type menu-item-object-page menu-flyout rt-mega-menu-hover item-8102\"><a  href=\"https:\/\/draylinbicandemir.com\/en\/bas-agrisi\/\">Headache<\/a><\/li>\n<li id=\"menu-item-8103\" class=\"menu-item menu-item-type-post_type menu-item-object-page menu-flyout rt-mega-menu-hover item-8103\"><a  href=\"https:\/\/draylinbicandemir.com\/en\/hareket-bozukluklari\/\">Movement Disorders<\/a><\/li>\n<li id=\"menu-item-8104\" class=\"menu-item menu-item-type-post_type menu-item-object-page menu-flyout rt-mega-menu-hover item-8104\"><a  href=\"https:\/\/draylinbicandemir.com\/en\/demiyelinizan-hastaliklar\/\">Demyelinating Diseases<\/a><\/li>\n<li id=\"menu-item-8105\" class=\"menu-item menu-item-type-post_type menu-item-object-page menu-flyout rt-mega-menu-hover item-8105\"><a  href=\"https:\/\/draylinbicandemir.com\/en\/serebrovaskuler-hastaliklar\/\">Cerebrovascular Diseases<\/a><\/li>\n<li id=\"menu-item-8376\" class=\"menu-item menu-item-type-post_type menu-item-object-page menu-flyout rt-mega-menu-hover item-8376\"><a  href=\"https:\/\/draylinbicandemir.com\/en\/dementia\/\">Dementia<\/a><\/li>\n<li id=\"menu-item-8375\" class=\"menu-item menu-item-type-post_type menu-item-object-page menu-flyout rt-mega-menu-hover item-8375\"><a  href=\"https:\/\/draylinbicandemir.com\/en\/vertigo\/\">Vertigo<\/a><\/li>\n<li id=\"menu-item-8374\" class=\"menu-item menu-item-type-post_type menu-item-object-page menu-flyout rt-mega-menu-hover item-8374\"><a  href=\"https:\/\/draylinbicandemir.com\/en\/neuromuscular-diseases\/\">Neuromuscular Diseases<\/a><\/li>\n<li id=\"menu-item-8373\" class=\"menu-item menu-item-type-post_type menu-item-object-page menu-flyout rt-mega-menu-hover item-8373\"><a  href=\"https:\/\/draylinbicandemir.com\/en\/polyneuropathy\/\">Polyneuropathy<\/a><\/li>\n<\/ul><\/div>\r<!-- radiantthemes-custom-menu -->\r[\/vc_column_inner][\/vc_row_inner][vc_row_inner css=&#8221;.vc_custom_1531735838589{margin-top: 28px !important;margin-bottom: 0px !important;padding-top: 0px !important;padding-right: 0px !important;padding-bottom: 0px !important;padding-left: 0px !important;}&#8221;][vc_column_inner css=&#8221;.vc_custom_1602534182339{margin-top: 0px !important;margin-bottom: 0px !important;padding-top: 20px !important;padding-right: 26px !important;padding-bottom: 14px !important;padding-left: 26px !important;background-image: url(http:\/\/draylinbicandemir.com\/wp-content\/uploads\/2020\/10\/saat1.jpg?id=8400) !important;background-position: center !important;background-repeat: no-repeat !important;background-size: cover !important;}&#8221;][vc_custom_heading text=&#8221;Working Hours&#8221; font_container=&#8221;tag:h3|font_size:18px|text_align:left|color:%23ffffff|line_height:24px&#8221; use_theme_fonts=&#8221;yes&#8221; css=&#8221;.vc_custom_1605036218023{margin-top: 0px !important;margin-bottom: 0px !important;padding-top: 0px !important;padding-bottom: 0px !important;}&#8221; el_class=&#8221;font-weight-bold&#8221;][vc_raw_html el_class=&#8221;opening-hours2&#8243; css=&#8221;.vc_custom_1605036465258{margin-top: 20px !important;margin-bottom: 0px !important;padding-top: 0px !important;padding-bottom: 0px !important;}&#8221;]JTNDdGFibGUlMjBjbGFzcyUzRCUyMnRhYmxlJTIyJTIwc3R5bGUlM0QlMjJjb2xvciUzQSUyM2ZmZiUzQiUyMiUzRSUwQSUwOSUzQ3Rib2R5JTNFJTNDdHIlM0UlMEElMDklMDklM0N0ZCUzRSUyME1vbiUyMC0lMjBGcmklMjAlM0MlMkZ0ZCUzRSUwQSUwOSUwOSUzQ3RkJTIwY2xhc3MlM0QlMjJ0ZXh0LXJpZ2h0JTIyJTNFMDglM0EzMCUyMC0lMjAxNyUzQTAwJTNDJTJGdGQlM0UlMEElMDklM0MlMkZ0ciUzRSUwQSUwOSUzQ3RyJTNFJTBBJTA5JTA5JTNDdGQlM0UlMjBTYXQlMjAtJTIwU3VuJTIwJTNDJTJGdGQlM0UlMEElMDklMDklM0N0ZCUyMGNsYXNzJTNEJTIydGV4dC1yaWdodCUyMiUzRUNsb3NlZCUzQyUyRnRkJTNFJTBBJTA5JTNDJTJGdHIlM0UlMEElM0MlMkZ0Ym9keSUzRSUzQyUyRnRhYmxlJTNF[\/vc_raw_html][\/vc_column_inner][\/vc_row_inner][vc_row_inner css=&#8221;.vc_custom_1531739068614{margin-top: 28px !important;margin-bottom: 0px !important;padding-top: 0px !important;padding-right: 0px !important;padding-bottom: 0px !important;padding-left: 0px !important;}&#8221; el_class=&#8221;box-shadow&#8221;][vc_column_inner css=&#8221;.vc_custom_1531738710365{margin-top: 0px !important;margin-bottom: 0px !important;padding-top: 25px !important;padding-right: 25px !important;padding-bottom: 25px !important;padding-left: 25px !important;}&#8221;][vc_custom_heading text=&#8221;Contact&#8221; font_container=&#8221;tag:h3|font_size:18px|text_align:left|color:%232b2b2b|line_height:24px&#8221; use_theme_fonts=&#8221;yes&#8221; css=&#8221;.vc_custom_1605036173795{margin-top: 0px !important;margin-bottom: 0px !important;padding-top: 0px !important;padding-right: 0px !important;padding-bottom: 30px !important;padding-left: 0px !important;}&#8221; el_class=&#8221;font-weight-bold&#8221;]\r<!-- radiantthemes-contact-box -->\r<div class=\"radiantthemes-contact-box rt4256518980 element-two    \" ><ul class=\"contact\"><li class=\"address\"><i class=\"fa fa-map-marker\"><\/i>Bursa Uluda\u011f \u00dcniversitesi T\u0131p Fak\u00fcltesi N\u00f6roloji Ana Bilim Dal\u0131 G\u00f6r\u00fckle Yerle\u015fkesi 16059 Nil\u00fcfer \/ BURSA<\/li><li class=\"email\"><i class=\"fa fa-envelope\"><\/i>aylinbd@uludag.edu.tr<\/li><li class=\"phone\"><i class=\"fa fa-phone\"><\/i>0224 295 17 23 \/ 0224 295 17 40<\/li><\/ul><\/div>\r<!-- radiantthemes-contact-box -->\r[vc_column_text]<a href=\"https:\/\/www.instagram.com\/draylinbicandemir\/\"><img loading=\"lazy\" class=\"alignnone size-full wp-image-8345\" src=\"http:\/\/draylinbicandemir.com\/wp-content\/uploads\/2020\/09\/instagram.png\" alt=\"\" width=\"25\" height=\"25\" \/><\/a> <a href=\"https:\/\/www.linkedin.com\/in\/aylin-bican-demir-366100172\/\"><img loading=\"lazy\" class=\"alignnone size-medium wp-image-8346\" src=\"http:\/\/draylinbicandemir.com\/wp-content\/uploads\/2020\/09\/linkedin.png\" alt=\"\" width=\"25\" height=\"25\" \/> <\/a><a href=\"https:\/\/www.youtube.com\/channel\/UCgiQgTrYOeal--599G9KaqQ?view_as=subscriber\"><img loading=\"lazy\" class=\"alignnone wp-image-8614 size-full\" src=\"http:\/\/draylinbicandemir.com\/wp-content\/uploads\/2020\/10\/youtube.png\" alt=\"\" width=\"25\" height=\"25\" \/><\/a>[\/vc_column_text][\/vc_column_inner][\/vc_row_inner][\/vc_column][\/vc_row]<\/p>\n","protected":false},"excerpt":{"rendered":"<p>[vc_row][vc_column width=&#8221;7\/12&#8243; offset=&#8221;vc_col-lg-8 vc_col-md-8 vc_col-xs-12&#8243;][\/vc_column][vc_column width=&#8221;5\/12&#8243; offset=&#8221;vc_col-lg-4 vc_col-md-4 vc_col-xs-12&#8243;][vc_row_inner css=&#8221;.vc_custom_1531734883992{margin-top: 0px !important;margin-bottom: 0px !important;padding-top: 0px !important;padding-right: 0px !important;padding-bottom: 0px !important;padding-left: 0px !important;}&#8221; el_class=&#8221;box-shadow&#8221;][vc_column_inner css=&#8221;.vc_custom_1531733996221{margin-top: 0px !important;margin-bottom: 0px !important;padding-top: 0px !important;padding-right: 0px !important;padding-bottom: 0px !important;padding-left: 0px !important;}&#8221;][vc_custom_heading text=&#8221;Neurological Diseases&#8221; font_container=&#8221;tag:h3|font_size:18px|text_align:left|color:%232b2b2b|line_height:24px&#8221; use_theme_fonts=&#8221;yes&#8221; css=&#8221;.vc_custom_1605036226565{margin-top: 0px !important;margin-bottom: 0px !important;padding-top: 18px !important;padding-right: 17px !important;padding-bottom: 18px !important;padding-left: 28px !important;}&#8221; el_class=&#8221;font-weight-bold&#8221;][\/vc_column_inner][\/vc_row_inner][vc_row_inner css=&#8221;.vc_custom_1531735838589{margin-top: [&hellip;]<\/p>\n","protected":false},"author":1,"featured_media":0,"parent":0,"menu_order":0,"comment_status":"closed","ping_status":"closed","template":"","meta":[],"_links":{"self":[{"href":"https:\/\/draylinbicandemir.com\/en\/wp-json\/wp\/v2\/pages\/8095"}],"collection":[{"href":"https:\/\/draylinbicandemir.com\/en\/wp-json\/wp\/v2\/pages"}],"about":[{"href":"https:\/\/draylinbicandemir.com\/en\/wp-json\/wp\/v2\/types\/page"}],"author":[{"embeddable":true,"href":"https:\/\/draylinbicandemir.com\/en\/wp-json\/wp\/v2\/users\/1"}],"replies":[{"embeddable":true,"href":"https:\/\/draylinbicandemir.com\/en\/wp-json\/wp\/v2\/comments?post=8095"}],"version-history":[{"count":7,"href":"https:\/\/draylinbicandemir.com\/en\/wp-json\/wp\/v2\/pages\/8095\/revisions"}],"predecessor-version":[{"id":8692,"href":"https:\/\/draylinbicandemir.com\/en\/wp-json\/wp\/v2\/pages\/8095\/revisions\/8692"}],"wp:attachment":[{"href":"https:\/\/draylinbicandemir.com\/en\/wp-json\/wp\/v2\/media?parent=8095"}],"curies":[{"name":"wp","href":"https:\/\/api.w.org\/{rel}","templated":true}]}}