{"id":7860,"date":"2018-06-29T06:49:16","date_gmt":"2018-06-29T03:49:16","guid":{"rendered":"http:\/\/draylinbicandemir.com\/?page_id=7860"},"modified":"2023-12-02T12:18:52","modified_gmt":"2023-12-02T09:18:52","slug":"home","status":"publish","type":"page","link":"https:\/\/draylinbicandemir.com\/en\/","title":{"rendered":"Home"},"content":{"rendered":"<p>[vc_row full_width=&#8221;stretch_row_content_no_spaces&#8221; css=&#8221;.vc_custom_1530077512369{margin-top: 0px !important;margin-bottom: 0px !important;padding-top: 0px !important;padding-bottom: 0px !important;}&#8221;][vc_column css=&#8221;.vc_custom_1530077389456{margin-top: 0px !important;margin-bottom: 0px !important;padding-top: 0px !important;padding-bottom: 0px !important;}&#8221;][vc_column_text css=&#8221;.vc_custom_1530272589015{margin-top: 0px !important;margin-bottom: 0px !important;padding-top: 0px !important;padding-bottom: 0px !important;}&#8221;]\n\t\t\t<!-- START Dental Clinic REVOLUTION SLIDER 6.2.22 --><p class=\"rs-p-wp-fix\"><\/p>\n\t\t\t<rs-module-wrap id=\"rev_slider_1_1_wrapper\" data-source=\"gallery\" style=\"background:transparent;padding:0;margin:0px auto;margin-top:0;margin-bottom:0;max-width:;\">\n\t\t\t\t<rs-module id=\"rev_slider_1_1\" style=\"\" data-version=\"6.2.22\">\n\t\t\t\t\t<rs-slides>\n\t\t\t\t\t\t<rs-slide data-key=\"rs-1\" data-title=\"Slide\" data-anim=\"ei:d;eo:d;s:d;r:0;t:fade;sl:d;\">\n\t\t\t\t\t\t\t<img src=\"\/\/draylinbicandemir.com\/wp-content\/uploads\/2020\/09\/s2.jpg\" title=\"s2\" width=\"1466\" height=\"618\" class=\"rev-slidebg\" data-no-retina>\n<!--\n\t\t\t\t\t\t\t--><rs-layer\n\t\t\t\t\t\t\t\tid=\"slider-1-slide-1-layer-1\" \n\t\t\t\t\t\t\t\tdata-type=\"text\"\n\t\t\t\t\t\t\t\tdata-color=\"#ef1616\"\n\t\t\t\t\t\t\t\tdata-rsp_ch=\"on\"\n\t\t\t\t\t\t\t\tdata-xy=\"xo:7px;y:m;yo:-101px,-101px,-101px,-9px;\"\n\t\t\t\t\t\t\t\tdata-text=\"s:45,45,45,24;l:58,58,58,31;fw:700;a:inherit;\"\n\t\t\t\t\t\t\t\tdata-frame_0=\"x:-50px,-50px,-50px,-34px;\"\n\t\t\t\t\t\t\t\tdata-frame_1=\"x:0,0,0,0px;y:0,0,0,0px;e:power4.inOut;sp:2000;\"\n\t\t\t\t\t\t\t\tdata-frame_999=\"o:0;e:power1.in;st:w;sR:7000;\"\n\t\t\t\t\t\t\t\tstyle=\"z-index:5;font-family:Rubik;font-weight:700 !important;\"\n\t\t\t\t\t\t\t>Prof. Dr. Aylin Bican Demir \n\t\t\t\t\t\t\t<\/rs-layer><!--\n\n\t\t\t\t\t\t\t--><rs-layer\n\t\t\t\t\t\t\t\tid=\"slider-1-slide-1-layer-4\" \n\t\t\t\t\t\t\t\tdata-type=\"text\"\n\t\t\t\t\t\t\t\tdata-color=\"#053d87\"\n\t\t\t\t\t\t\t\tdata-rsp_ch=\"on\"\n\t\t\t\t\t\t\t\tdata-xy=\"xo:2px,2px,2px,6px;y:m;yo:12px,12px,12px,65px;\"\n\t\t\t\t\t\t\t\tdata-text=\"s:21,21,21,13;l:37,37,37,24;ls:0,0,0,0px;fw:500;a:inherit;\"\n\t\t\t\t\t\t\t\tdata-frame_0=\"x:-66px,-66px,-66px,-42px;\"\n\t\t\t\t\t\t\t\tdata-frame_1=\"e:power4.inOut;sp:2000;\"\n\t\t\t\t\t\t\t\tdata-frame_999=\"o:0;e:power1.in;st:w;sR:7000;\"\n\t\t\t\t\t\t\t\tstyle=\"z-index:6;font-family:Rubik;\"\n\t\t\t\t\t\t\t>* Neurology, Sleep Diseases and Epilepsy Specialist<br>\n* Bursa Uluda\u011f University Faculty of Medicine, <br>&nbsp;&nbsp;&nbsp;Department of Neurology, Sleep Disorders Unit and Epilepsy Center \n\t\t\t\t\t\t\t<\/rs-layer><!--\n-->\t\t\t\t\t\t<\/rs-slide>\n\t\t\t\t\t<\/rs-slides>\n\t\t\t\t<\/rs-module>\n\t\t\t\t<script type=\"text\/javascript\">\n\t\t\t\t\tsetREVStartSize({c: 'rev_slider_1_1',rl:[1240,1240,1240,480],el:[580,580,580,400],gw:[1170,1170,1170,480],gh:[580,580,580,400],type:'standard',justify:'',layout:'fullwidth',mh:\"0\"});\n\t\t\t\t\tvar\trevapi1,\n\t\t\t\t\t\ttpj;\n\t\t\t\t\tfunction revinit_revslider11() {\n\t\t\t\t\tjQuery(function() {\n\t\t\t\t\t\ttpj = jQuery;\n\t\t\t\t\t\trevapi1 = tpj(\"#rev_slider_1_1\");\n\t\t\t\t\t\tif(revapi1==undefined || revapi1.revolution == undefined){\n\t\t\t\t\t\t\trevslider_showDoubleJqueryError(\"rev_slider_1_1\");\n\t\t\t\t\t\t}else{\n\t\t\t\t\t\t\trevapi1.revolution({\n\t\t\t\t\t\t\t\tvisibilityLevels:\"1240,1240,1240,480\",\n\t\t\t\t\t\t\t\tgridwidth:\"1170,1170,1170,480\",\n\t\t\t\t\t\t\t\tgridheight:\"580,580,580,400\",\n\t\t\t\t\t\t\t\tspinner:\"spinner0\",\n\t\t\t\t\t\t\t\tperspective:600,\n\t\t\t\t\t\t\t\tperspectiveType:\"local\",\n\t\t\t\t\t\t\t\teditorheight:\"580,768,960,400\",\n\t\t\t\t\t\t\t\tresponsiveLevels:\"1240,1240,1240,480\",\n\t\t\t\t\t\t\t\tprogressBar:{disableProgressBar:true},\n\t\t\t\t\t\t\t\tnavigation: {\n\t\t\t\t\t\t\t\t\tonHoverStop:false\n\t\t\t\t\t\t\t\t},\n\t\t\t\t\t\t\t\tfallbacks: {\n\t\t\t\t\t\t\t\t\tallowHTML5AutoPlayOnAndroid:true\n\t\t\t\t\t\t\t\t},\n\t\t\t\t\t\t\t});\n\t\t\t\t\t\t}\n\t\t\t\t\t\t\n\t\t\t\t\t});\n\t\t\t\t\t} \/\/ End of RevInitScript\n\t\t\t\tvar once_revslider11 = false;\n\t\t\t\tif (document.readyState === \"loading\") {document.addEventListener('readystatechange',function() { if((document.readyState === \"interactive\" || document.readyState === \"complete\") && !once_revslider11 ) { once_revslider11 = true; revinit_revslider11();}});} else {once_revslider11 = true; revinit_revslider11();}\n\t\t\t\t<\/script>\n\t\t\t<\/rs-module-wrap>\n\t\t\t<!-- END REVOLUTION SLIDER -->\n[\/vc_column_text][\/vc_column][\/vc_row][vc_section full_width=&#8221;stretch_row&#8221; css=&#8221;.vc_custom_1530267113998{margin-top: 0px !important;margin-bottom: 0px !important;padding-top: 80px !important;padding-bottom: 0px !important;background-image: url(http:\/\/draylinbicandemir.com\/wp-content\/uploads\/2018\/06\/background.jpg-image7.jpg?id=7868) !important;}&#8221; el_class=&#8221;background-position-top-custom&#8221;][vc_row full_width=&#8221;stretch_row&#8221; css=&#8221;.vc_custom_1530261724298{margin-top: 0px !important;margin-bottom: 0px !important;padding-top: 0px !important;padding-bottom: 90px !important;}&#8221;][vc_column css_animation=&#8221;fadeInLeft&#8221; width=&#8221;1\/2&#8243; css=&#8221;.vc_custom_1533813514385{margin-top: 0px !important;margin-bottom: 0px !important;padding-top: 20px !important;padding-bottom: 0px !important;}&#8221;][vc_custom_heading text=&#8221;Prof. Dr. Aylin Bican Demir&#8221; font_container=&#8221;tag:h2|font_size:36px|text_align:left|color:%232d2d2d|line_height:45px&#8221; use_theme_fonts=&#8221;yes&#8221; css_animation=&#8221;none&#8221; css=&#8221;.vc_custom_1701508683021{margin-top: 0px !important;margin-bottom: 0px !important;padding-top: 0px !important;padding-bottom: 0px !important;}&#8221;][vc_custom_heading text=&#8221;She graduated from Bursa Cumhuriyet High School in 1994 from Uluda\u011f University Faculty of Medicine in 2000. Between 2004-2009, she worked as a research assistant at Uluda\u011f University Neurology Department. Between 2009-2011, she completed her compulsory service at Samsun Vezirk\u00f6pr\u00fc State Hospital. In 2005, she completed her sleep training in Istanbul Cerrahpa\u015fa Medical Faculty Sleep Unit and was awarded a sleep medicine certificate. In 2011, she started to work as a doctor lecturer at Uludag University Faculty of Medicine, Department of Neurology and in 2018 she received the title of Associate Professor.Curriculum a In 2023, she received the title of professor.&#8221; font_container=&#8221;tag:p|text_align:left|color:%23434343&#8243; use_theme_fonts=&#8221;yes&#8221; css_animation=&#8221;none&#8221; css=&#8221;.vc_custom_1701508732482{margin-top: 15px !important;margin-bottom: 0px !important;padding-top: 0px !important;padding-bottom: 0px !important;}&#8221;]\r<!-- radiantthemes-custom-button -->\r<div class=\"radiantthemes-custom-button hover-style-four rt3234370840  \"  data-button-direction=\"left\" data-button-fullwidth=\"false\" ><a style=\" color: #ffffff; line-height: 23px; font-size: 13px;\" class=\"radiantthemes-custom-button-main  vc_custom_1605035498957\" href=\"https:\/\/draylinbicandemir.com\/en\/curriculum-vitae\/\"  title=\"Curriculum Vitae\" target=\"_self\"><div class=\"placeholder\">Curriculum Vitae<\/div><\/a><\/div>\r<!-- radiantthemes-custom-button -->\r[\/vc_column][vc_column css_animation=&#8221;fadeInUp&#8221; width=&#8221;1\/2&#8243; css=&#8221;.vc_custom_1533813521109{margin-top: 0px !important;margin-bottom: 0px !important;padding-top: 20px !important;padding-bottom: 0px !important;}&#8221;][vc_images_carousel images=&#8221;8471,8468,8316,8470,8469&#8243; img_size=&#8221;full&#8221; speed=&#8221;3000&#8243; autoplay=&#8221;yes&#8221;][\/vc_column][\/vc_row][\/vc_section][vc_section full_width=&#8221;stretch_row&#8221; css=&#8221;.vc_custom_1603487619578{margin-top: 0px !important;margin-bottom: 0px !important;padding-top: 50px !important;padding-bottom: 50px !important;background-image: url(http:\/\/draylinbicandemir.com\/wp-content\/uploads\/2018\/06\/background.jpg-image8.jpg?id=7877) !important;background-position: 0 0 !important;background-repeat: no-repeat !important;}&#8221; el_class=&#8221;background-position-top-custom&#8221;][vc_row css=&#8221;.vc_custom_1535794034682{margin-top: 0px !important;margin-bottom: 0px !important;padding-top: 0px !important;padding-bottom: 0px !important;background-image: url(http:\/\/draylinbicandemir.com\/wp-content\/uploads\/2018\/08\/form-background-1.png?id=8139) !important;background-position: center !important;background-repeat: no-repeat !important;background-size: cover !important;}&#8221;][vc_column css_animation=&#8221;fadeInUp&#8221; css=&#8221;.vc_custom_1602536758618{margin-bottom: 0px !important;padding-top: 0px !important;padding-bottom: 0px !important;}&#8221; offset=&#8221;vc_col-lg-5 vc_col-md-5 vc_col-xs-12&#8243;][vc_single_image image=&#8221;8412&#8243; img_size=&#8221;full&#8221; css=&#8221;.vc_custom_1602536751997{margin-top: 0px !important;margin-bottom: 0px !important;padding-top: 0px !important;padding-bottom: 0px !important;}&#8221;][\/vc_column][vc_column css_animation=&#8221;none&#8221; css=&#8221;.vc_custom_1535794020380{margin-top: 0px !important;margin-bottom: 0px !important;padding-top: 44px !important;padding-right: 30px !important;padding-bottom: 44px !important;}&#8221; offset=&#8221;vc_col-lg-7 vc_col-md-7 vc_col-xs-12&#8243;][vc_row_inner css=&#8221;.vc_custom_1530271981441{margin-top: 0px !important;margin-bottom: 0px !important;padding-top: 0px !important;padding-bottom: 0px !important;}&#8221;][vc_column_inner width=&#8221;11\/12&#8243; css=&#8221;.vc_custom_1530271974107{margin-top: 0px !important;margin-bottom: 0px !important;padding-top: 0px !important;padding-bottom: 0px !important;}&#8221;][vc_custom_heading text=&#8221;Do you have questions?&#8221; font_container=&#8221;tag:h2|font_size:36px|text_align:left|color:%232d2d2d|line_height:45px&#8221; use_theme_fonts=&#8221;yes&#8221; css_animation=&#8221;none&#8221; css=&#8221;.vc_custom_1605035506261{margin-top: 0px !important;margin-bottom: 0px !important;padding-top: 0px !important;padding-bottom: 0px !important;}&#8221;][vc_custom_heading text=&#8221;You can ask us your questions about your ailments from the form below.&#8221; font_container=&#8221;tag:p|text_align:left|color:%23434343&#8243; use_theme_fonts=&#8221;yes&#8221; css_animation=&#8221;none&#8221; css=&#8221;.vc_custom_1605035513205{margin-top: 20px !important;margin-bottom: 0px !important;padding-top: 0px !important;padding-bottom: 25px !important;}&#8221;]\r<!-- rt-cf7 -->\r<div class=\"radiant-contact-form rtf570fbd2708d65f element-one appointment-form\"  ><div role=\"form\" class=\"wpcf7\" id=\"wpcf7-f7880-o1\" lang=\"en-US\" dir=\"ltr\">\n<div class=\"screen-reader-response\" role=\"alert\" aria-live=\"polite\"><\/div>\n<form action=\"\/en\/wp-json\/wp\/v2\/pages\/7860#wpcf7-f7880-o1\" method=\"post\" class=\"wpcf7-form init\" novalidate=\"novalidate\">\n<div style=\"display: none;\">\n<input type=\"hidden\" name=\"_wpcf7\" value=\"7880\" \/>\n<input type=\"hidden\" name=\"_wpcf7_version\" value=\"5.2.2\" \/>\n<input type=\"hidden\" name=\"_wpcf7_locale\" value=\"en_US\" \/>\n<input type=\"hidden\" name=\"_wpcf7_unit_tag\" value=\"wpcf7-f7880-o1\" \/>\n<input type=\"hidden\" name=\"_wpcf7_container_post\" value=\"0\" \/>\n<input type=\"hidden\" name=\"_wpcf7_posted_data_hash\" value=\"\" \/>\n<\/div>\n<div class=\"row\">\n<div class=\"col-lg-12 col-md-12 col-sm-12 col-xs-12\">\n<div class=\"form-row\">\n<span class=\"wpcf7-form-control-wrap FullName\"><input type=\"text\" name=\"FullName\" value=\"\" size=\"40\" class=\"wpcf7-form-control wpcf7-text wpcf7-validates-as-required\" aria-required=\"true\" aria-invalid=\"false\" placeholder=\"Name Surname:\" \/><\/span>\n<\/div>\n<\/div>\n<div class=\"col-lg-6 col-md-6 col-sm-12 col-xs-12\">\n<div class=\"form-row\">\n<span class=\"wpcf7-form-control-wrap YourEmail\"><input type=\"email\" name=\"YourEmail\" value=\"\" size=\"40\" class=\"wpcf7-form-control wpcf7-text wpcf7-email wpcf7-validates-as-required wpcf7-validates-as-email\" aria-required=\"true\" aria-invalid=\"false\" placeholder=\"Email Address:\" \/><\/span>\n<\/div>\n<\/div>\n<div class=\"col-lg-6 col-md-6 col-sm-12 col-xs-12\">\n<div class=\"form-row\">\n<span class=\"wpcf7-form-control-wrap phone\"><input type=\"tel\" name=\"phone\" value=\"\" size=\"40\" class=\"wpcf7-form-control wpcf7-text wpcf7-tel wpcf7-validates-as-tel\" aria-invalid=\"false\" placeholder=\"Phone:\" \/><\/span>\n<\/div>\n<\/div>\n<div class=\"col-lg-12 col-md-12 col-sm-12 col-xs-12\">\n<div class=\"form-row\">\n<span class=\"wpcf7-form-control-wrap Sorunuz\"><textarea name=\"Sorunuz\" cols=\"40\" rows=\"10\" class=\"wpcf7-form-control wpcf7-textarea\" aria-invalid=\"false\" placeholder=\"Your Question:\"><\/textarea><\/span>\n<\/div>\n<\/div>\n<div class=\"col-lg-12 col-md-12 col-sm-12 col-xs-12\">\n<div class=\"form-row last text-left\">\n<input type=\"submit\" value=\"ASK QUESTION\" class=\"wpcf7-form-control wpcf7-submit custom-btn-submit\" \/>\n<\/div>\n<\/div>\n<\/div>\n<div class=\"wpcf7-response-output\" role=\"alert\" aria-hidden=\"true\"><\/div><\/form><\/div><div class=\"clearfix\"><\/div><\/div><!-- rt-cf7 -->\r[\/vc_column_inner][vc_column_inner width=&#8221;1\/12&#8243; css=&#8221;.vc_custom_1530271967443{margin-top: 0px !important;margin-bottom: 0px !important;padding-top: 0px !important;padding-bottom: 0px !important;}&#8221;][\/vc_column_inner][\/vc_row_inner][\/vc_column][\/vc_row][\/vc_section]<\/p>\n","protected":false},"excerpt":{"rendered":"<p>[vc_row full_width=&#8221;stretch_row_content_no_spaces&#8221; css=&#8221;.vc_custom_1530077512369{margin-top: 0px !important;margin-bottom: 0px !important;padding-top: 0px !important;padding-bottom: 0px !important;}&#8221;][vc_column css=&#8221;.vc_custom_1530077389456{margin-top: 0px !important;margin-bottom: 0px !important;padding-top: 0px !important;padding-bottom: 0px !important;}&#8221;][vc_column_text css=&#8221;.vc_custom_1530272589015{margin-top: 0px !important;margin-bottom: 0px !important;padding-top: 0px !important;padding-bottom: 0px !important;}&#8221;][\/vc_column_text][\/vc_column][\/vc_row][vc_section full_width=&#8221;stretch_row&#8221; css=&#8221;.vc_custom_1530267113998{margin-top: 0px !important;margin-bottom: 0px !important;padding-top: 80px !important;padding-bottom: 0px !important;background-image: url(http:\/\/draylinbicandemir.com\/wp-content\/uploads\/2018\/06\/background.jpg-image7.jpg?id=7868) !important;}&#8221; el_class=&#8221;background-position-top-custom&#8221;][vc_row full_width=&#8221;stretch_row&#8221; css=&#8221;.vc_custom_1530261724298{margin-top: 0px !important;margin-bottom: 0px !important;padding-top: 0px !important;padding-bottom: 90px !important;}&#8221;][vc_column css_animation=&#8221;fadeInLeft&#8221; width=&#8221;1\/2&#8243; css=&#8221;.vc_custom_1533813514385{margin-top: [&hellip;]<\/p>\n","protected":false},"author":1,"featured_media":0,"parent":0,"menu_order":0,"comment_status":"closed","ping_status":"closed","template":"","meta":[],"_links":{"self":[{"href":"https:\/\/draylinbicandemir.com\/en\/wp-json\/wp\/v2\/pages\/7860"}],"collection":[{"href":"https:\/\/draylinbicandemir.com\/en\/wp-json\/wp\/v2\/pages"}],"about":[{"href":"https:\/\/draylinbicandemir.com\/en\/wp-json\/wp\/v2\/types\/page"}],"author":[{"embeddable":true,"href":"https:\/\/draylinbicandemir.com\/en\/wp-json\/wp\/v2\/users\/1"}],"replies":[{"embeddable":true,"href":"https:\/\/draylinbicandemir.com\/en\/wp-json\/wp\/v2\/comments?post=7860"}],"version-history":[{"count":14,"href":"https:\/\/draylinbicandemir.com\/en\/wp-json\/wp\/v2\/pages\/7860\/revisions"}],"predecessor-version":[{"id":8719,"href":"https:\/\/draylinbicandemir.com\/en\/wp-json\/wp\/v2\/pages\/7860\/revisions\/8719"}],"wp:attachment":[{"href":"https:\/\/draylinbicandemir.com\/en\/wp-json\/wp\/v2\/media?parent=7860"}],"curies":[{"name":"wp","href":"https:\/\/api.w.org\/{rel}","templated":true}]}}