{"id":7135,"date":"2018-06-02T06:20:59","date_gmt":"2018-06-02T03:20:59","guid":{"rendered":"http:\/\/draylinbicandemir.com\/?page_id=7135"},"modified":"2020-11-16T23:23:10","modified_gmt":"2020-11-16T20:23:10","slug":"contact","status":"publish","type":"page","link":"https:\/\/draylinbicandemir.com\/en\/contact\/","title":{"rendered":"Contact"},"content":{"rendered":"<p>[vc_row gap=&#8221;10&#8243; css_animation=&#8221;none&#8221; css=&#8221;.vc_custom_1603568232938{margin-top: 0px !important;margin-right: -12px !important;margin-bottom: 0px !important;margin-left: -12px !important;padding-top: 20px !important;padding-bottom: 20px !important;}&#8221;][vc_column css_animation=&#8221;fadeInLeft&#8221; css=&#8221;.vc_custom_1533815494622{margin-top: 0px !important;margin-bottom: 0px !important;border-top-width: 1px !important;border-right-width: 1px !important;border-bottom-width: 1px !important;border-left-width: 1px !important;padding-top: 30px !important;padding-right: 37px !important;padding-bottom: 37px !important;padding-left: 37px !important;background-color: #fbfbfb !important;border-left-color: #e6e5e5 !important;border-left-style: solid !important;border-right-color: #e6e5e5 !important;border-right-style: solid !important;border-top-color: #e6e5e5 !important;border-top-style: solid !important;border-bottom-color: #e6e5e5 !important;border-bottom-style: solid !important;}&#8221; offset=&#8221;vc_col-lg-6 vc_col-md-6 vc_col-xs-12&#8243;][vc_custom_heading text=&#8221;Contact Form&#8221; font_container=&#8221;tag:h2|font_size:30px|text_align:center|line_height:38px&#8221; use_theme_fonts=&#8221;yes&#8221; css_animation=&#8221;none&#8221; css=&#8221;.vc_custom_1605035027071{margin-top: 0px !important;margin-bottom: 0px !important;padding-top: 0px !important;padding-bottom: 0px !important;}&#8221; el_class=&#8221;font-weight-bold&#8221;][vc_column_text css_animation=&#8221;none&#8221; css=&#8221;.vc_custom_1605035046274{margin-top: 0px !important;margin-bottom: 0px !important;padding-top: 0px !important;padding-right: 0px !important;padding-bottom: 0px !important;padding-left: 0px !important;}&#8221;]<\/p>\n<p style=\"text-align: center;\">You can send us your requests, suggestions and complaints.<\/p>\n<p>[\/vc_column_text][vc_row_inner css=&#8221;.vc_custom_1527923328552{margin-top: 0px !important;margin-bottom: 0px !important;padding-top: 27px !important;padding-bottom: 0px !important;}&#8221;][vc_column_inner]\r<!-- rt-cf7 -->\r<div class=\"radiant-contact-form rtdf15d36717c4d36 element-one \"  ><div role=\"form\" class=\"wpcf7\" id=\"wpcf7-f7166-o1\" lang=\"en-US\" dir=\"ltr\">\n<div class=\"screen-reader-response\" role=\"alert\" aria-live=\"polite\"><\/div>\n<form action=\"\/en\/wp-json\/wp\/v2\/pages\/7135#wpcf7-f7166-o1\" method=\"post\" class=\"wpcf7-form init\" novalidate=\"novalidate\">\n<div style=\"display: none;\">\n<input type=\"hidden\" name=\"_wpcf7\" value=\"7166\" \/>\n<input type=\"hidden\" name=\"_wpcf7_version\" value=\"5.2.2\" \/>\n<input type=\"hidden\" name=\"_wpcf7_locale\" value=\"en_US\" \/>\n<input type=\"hidden\" name=\"_wpcf7_unit_tag\" value=\"wpcf7-f7166-o1\" \/>\n<input type=\"hidden\" name=\"_wpcf7_container_post\" value=\"0\" \/>\n<input type=\"hidden\" name=\"_wpcf7_posted_data_hash\" value=\"\" \/>\n<\/div>\n<div class=\"row\">\n<div class=\"col-lg-6 col-md-6 col-sm-12 col-xs-12\">\n<div class=\"form-row\">\n<span class=\"wpcf7-form-control-wrap Name\"><input type=\"text\" name=\"Name\" value=\"\" size=\"40\" class=\"wpcf7-form-control wpcf7-text wpcf7-validates-as-required\" aria-required=\"true\" aria-invalid=\"false\" placeholder=\"Name:\" \/><\/span>\n<\/div>\n<\/div>\n<div class=\"col-lg-6 col-md-6 col-sm-12 col-xs-12\">\n<div class=\"form-row\">\n<span class=\"wpcf7-form-control-wrap Name\"><input type=\"text\" name=\"Name\" value=\"\" size=\"40\" class=\"wpcf7-form-control wpcf7-text wpcf7-validates-as-required\" aria-required=\"true\" aria-invalid=\"false\" placeholder=\"Surname:\" \/><\/span>\n<\/div>\n<\/div>\n<div class=\"col-lg-6 col-md-6 col-sm-12 col-xs-12\">\n<div class=\"form-row\">\n<span class=\"wpcf7-form-control-wrap email\"><input type=\"email\" name=\"email\" value=\"\" size=\"40\" class=\"wpcf7-form-control wpcf7-text wpcf7-email wpcf7-validates-as-required wpcf7-validates-as-email\" aria-required=\"true\" aria-invalid=\"false\" placeholder=\"Email Address:\" \/><\/span>\n<\/div>\n<\/div>\n<div class=\"col-lg-6 col-md-6 col-sm-12 col-xs-12\">\n<div class=\"form-row\">\n<span class=\"wpcf7-form-control-wrap phone\"><input type=\"tel\" name=\"phone\" value=\"\" size=\"40\" class=\"wpcf7-form-control wpcf7-text wpcf7-tel wpcf7-validates-as-tel\" aria-invalid=\"false\" placeholder=\"Phone:\" \/><\/span>\n<\/div>\n<\/div>\n<div class=\"col-lg-12 col-md-12 col-sm-12 col-xs-12\">\n<div class=\"form-row\">\n<span class=\"wpcf7-form-control-wrap subject\"><input type=\"text\" name=\"subject\" value=\"\" size=\"40\" class=\"wpcf7-form-control wpcf7-text\" aria-invalid=\"false\" placeholder=\"Subject:\" \/><\/span>\n<\/div>\n<\/div>\n<div class=\"col-lg-12 col-md-12 col-sm-12 col-xs-12\">\n<div class=\"form-row\">\n<span class=\"wpcf7-form-control-wrap message\"><textarea name=\"message\" cols=\"40\" rows=\"10\" class=\"wpcf7-form-control wpcf7-textarea\" aria-invalid=\"false\" placeholder=\"Message:\"><\/textarea><\/span>\n<\/div>\n<\/div>\n<div class=\"col-lg-12 col-md-12 col-sm-12 col-xs-12\">\n<div class=\"form-row last text-center\">\n<input type=\"submit\" value=\"SEND\" class=\"wpcf7-form-control wpcf7-submit custom-btn-submit\" \/>\n<\/div>\n<\/div>\n<\/div>\n<div class=\"wpcf7-response-output\" role=\"alert\" aria-hidden=\"true\"><\/div><\/form><\/div><div class=\"clearfix\"><\/div><\/div><!-- rt-cf7 -->\r[\/vc_column_inner][\/vc_row_inner][\/vc_column][vc_column css_animation=&#8221;fadeInRight&#8221; css=&#8221;.vc_custom_1533815504588{padding-right: 0px !important;padding-left: 0px !important;}&#8221; offset=&#8221;vc_col-lg-6 vc_col-md-6 vc_col-xs-12&#8243;][vc_custom_heading text=&#8221;Contact Information&#8221; font_container=&#8221;tag:h3|font_size:22px|text_align:left|line_height:24px&#8221; use_theme_fonts=&#8221;yes&#8221; css=&#8221;.vc_custom_1605035063842{margin-top: 0px !important;margin-bottom: 14px !important;padding-top: 0px !important;padding-bottom: 0px !important;}&#8221; el_class=&#8221;font-weight-bold&#8221;][vc_row_inner css=&#8221;.vc_custom_1527923565811{margin-top: 0px !important;margin-bottom: 0px !important;padding-top: 0px !important;padding-bottom: 0px !important;}&#8221;][vc_column_inner width=&#8221;1\/2&#8243;][vc_column_text el_class=&#8221;contact-info-custom&#8221; css=&#8221;.vc_custom_1605558194306{margin-top: 0px !important;margin-bottom: 0px !important;padding-top: 0px !important;padding-bottom: 0px !important;}&#8221;]Bursa Uluda\u011f \u00dcniversitesi T\u0131p Fak\u00fcltesi N\u00f6roloji Ana Bilim Dal\u0131<br \/>\nG\u00f6r\u00fckle Yerle\u015fkesi 16059 Nil\u00fcfer \/ BURSA[\/vc_column_text][\/vc_column_inner][vc_column_inner width=&#8221;1\/2&#8243;][vc_column_text el_class=&#8221;contact-info-custom&#8221; css=&#8221;.vc_custom_1605035072803{margin-top: 0px !important;margin-bottom: 0px !important;padding-top: 0px !important;padding-bottom: 0px !important;}&#8221;]<strong>Phone:<\/strong> 0224 295 17 23<\/p>\n<p><strong>Email:<\/strong> aylinbd@uludag.edu.tr<br \/>\n<a href=\"https:\/\/www.instagram.com\/draylinbicandemir\/\"><img loading=\"lazy\" class=\"alignnone size-full wp-image-8345\" src=\"http:\/\/draylinbicandemir.com\/wp-content\/uploads\/2020\/09\/instagram.png\" alt=\"\" width=\"25\" height=\"25\" \/><\/a> <a href=\"https:\/\/www.linkedin.com\/in\/aylin-bican-demir-366100172\/\"><img loading=\"lazy\" class=\"alignnone size-medium wp-image-8346\" src=\"http:\/\/draylinbicandemir.com\/wp-content\/uploads\/2020\/09\/linkedin.png\" alt=\"\" width=\"25\" height=\"25\" \/> <\/a><a href=\"https:\/\/www.youtube.com\/channel\/UCgiQgTrYOeal--599G9KaqQ?view_as=subscriber\"><img loading=\"lazy\" class=\"alignnone wp-image-8614 size-full\" src=\"http:\/\/draylinbicandemir.com\/wp-content\/uploads\/2020\/10\/youtube.png\" alt=\"\" width=\"25\" height=\"25\" \/><\/a>[\/vc_column_text][\/vc_column_inner][\/vc_row_inner][vc_custom_heading text=&#8221;Appointment&#8221; font_container=&#8221;tag:h4|font_size:22px|text_align:left|line_height:24px&#8221; use_theme_fonts=&#8221;yes&#8221; css=&#8221;.vc_custom_1605035084496{margin-top: 0px !important;margin-bottom: 14px !important;padding-top: 0px !important;padding-bottom: 0px !important;}&#8221; el_class=&#8221;font-weight-bold&#8221;][vc_row_inner css=&#8221;.vc_custom_1527923565811{margin-top: 0px !important;margin-bottom: 0px !important;padding-top: 0px !important;padding-bottom: 0px !important;}&#8221;][vc_column_inner width=&#8221;1\/2&#8243;][vc_column_text el_class=&#8221;contact-info-custom&#8221; css=&#8221;.vc_custom_1605035096164{margin-top: 0px !important;margin-bottom: 0px !important;padding-top: 0px !important;padding-bottom: 0px !important;}&#8221;]<strong>Phone:<\/strong> 0224 295 17 40[\/vc_column_text][\/vc_column_inner][vc_column_inner width=&#8221;1\/2&#8243;][vc_column_text el_class=&#8221;contact-info-custom&#8221; css=&#8221;.vc_custom_1605035100844{margin-top: 0px !important;margin-bottom: 0px !important;padding-top: 0px !important;padding-bottom: 0px !important;}&#8221;]<strong>Phone:<\/strong> 0224 295 17 41[\/vc_column_text][\/vc_column_inner][\/vc_row_inner][vc_gmaps link=&#8221;#E-8_JTNDaWZyYW1lJTIwc3JjJTNEJTIyaHR0cHMlM0ElMkYlMkZ3d3cuZ29vZ2xlLmNvbSUyRm1hcHMlMkZlbWJlZCUzRnBiJTNEJTIxMW0xNCUyMTFtOCUyMTFtMyUyMTFkMTIxODYuMDUzMjg2MjYzNTEyJTIxMmQyOC44NzA0MDgyJTIxM2Q0MC4yMTk4ODc2JTIxM20yJTIxMWkxMDI0JTIxMmk3NjglMjE0ZjEzLjElMjEzbTMlMjExbTIlMjExczB4MCUyNTNBMHg2YWU2YzkwMzI2Y2ZiNTJhJTIxMnNVbHVkYSUyNUM0JTI1OUYlMjUyMCUyNUMzJTI1OUNuaXZlcnNpdGVzaSUyNTIwVCUyNUM0JTI1QjFwJTI1MjBGYWslMjVDMyUyNUJDbHRlc2klMjUyMEhhc3RhbmVzaSUyMTVlMCUyMTNtMiUyMTFzdHIlMjEyc3RyJTIxNHYxNjAwNjI1MzEwNjYwJTIxNW0yJTIxMXN0ciUyMTJzdHIlMjIlMjB3aWR0aCUzRCUyMjEwMCUyNSUyMiUyMGhlaWdodCUzRCUyMjM0NSUyMiUyMGZyYW1lYm9yZGVyJTNEJTIyMCUyMiUyMHN0eWxlJTNEJTIyYm9yZGVyJTNBMCUzQiUyMiUyMGFsbG93ZnVsbHNjcmVlbiUzRCUyMiUyMiUyMGFyaWEtaGlkZGVuJTNEJTIyZmFsc2UlMjIlMjB0YWJpbmRleCUzRCUyMjAlMjIlM0UlM0MlMkZpZnJhbWUlM0U=&#8221; el_class=&#8221;map&#8221;][\/vc_column][\/vc_row]<\/p>\n","protected":false},"excerpt":{"rendered":"<p>[vc_row gap=&#8221;10&#8243; css_animation=&#8221;none&#8221; css=&#8221;.vc_custom_1603568232938{margin-top: 0px !important;margin-right: -12px !important;margin-bottom: 0px !important;margin-left: -12px !important;padding-top: 20px !important;padding-bottom: 20px !important;}&#8221;][vc_column css_animation=&#8221;fadeInLeft&#8221; css=&#8221;.vc_custom_1533815494622{margin-top: 0px !important;margin-bottom: 0px !important;border-top-width: 1px !important;border-right-width: 1px !important;border-bottom-width: 1px !important;border-left-width: 1px !important;padding-top: 30px !important;padding-right: 37px !important;padding-bottom: 37px !important;padding-left: 37px !important;background-color: #fbfbfb !important;border-left-color: #e6e5e5 !important;border-left-style: solid !important;border-right-color: #e6e5e5 !important;border-right-style: solid !important;border-top-color: #e6e5e5 !important;border-top-style: solid !important;border-bottom-color: #e6e5e5 !important;border-bottom-style: solid [&hellip;]<\/p>\n","protected":false},"author":1,"featured_media":0,"parent":0,"menu_order":0,"comment_status":"closed","ping_status":"closed","template":"","meta":[],"_links":{"self":[{"href":"https:\/\/draylinbicandemir.com\/en\/wp-json\/wp\/v2\/pages\/7135"}],"collection":[{"href":"https:\/\/draylinbicandemir.com\/en\/wp-json\/wp\/v2\/pages"}],"about":[{"href":"https:\/\/draylinbicandemir.com\/en\/wp-json\/wp\/v2\/types\/page"}],"author":[{"embeddable":true,"href":"https:\/\/draylinbicandemir.com\/en\/wp-json\/wp\/v2\/users\/1"}],"replies":[{"embeddable":true,"href":"https:\/\/draylinbicandemir.com\/en\/wp-json\/wp\/v2\/comments?post=7135"}],"version-history":[{"count":20,"href":"https:\/\/draylinbicandemir.com\/en\/wp-json\/wp\/v2\/pages\/7135\/revisions"}],"predecessor-version":[{"id":8686,"href":"https:\/\/draylinbicandemir.com\/en\/wp-json\/wp\/v2\/pages\/7135\/revisions\/8686"}],"wp:attachment":[{"href":"https:\/\/draylinbicandemir.com\/en\/wp-json\/wp\/v2\/media?parent=7135"}],"curies":[{"name":"wp","href":"https:\/\/api.w.org\/{rel}","templated":true}]}}